{"id":2694,"date":"2024-08-20T23:44:26","date_gmt":"2024-08-21T02:44:26","guid":{"rendered":"https:\/\/tiendalafortuna.com.ar\/es\/?post_type=product&#038;p=2694"},"modified":"2025-01-24T13:25:54","modified_gmt":"2025-01-24T16:25:54","slug":"rastra-faja-saltena","status":"publish","type":"product","link":"https:\/\/tiendalafortuna.com.ar\/es\/producto\/rastra-faja-saltena\/","title":{"rendered":"Rastra Faja Salte\u00f1a"},"content":{"rendered":"<p>Rastra faja salte\u00f1a con centro de rastra de aleaci\u00f3n y cintura regulable<\/p>\n<p>De 9 y 11 cm de ancho<\/p>\n<p>&nbsp;<\/p>\n","protected":false},"excerpt":{"rendered":"<p>Rastra faja salte\u00f1a con centro de rastra de aleaci\u00f3n y cintura regulable De 9 y 11 cm de ancho &nbsp;<\/p>\n","protected":false},"featured_media":2682,"comment_status":"open","ping_status":"closed","template":"","meta":{"_et_pb_use_builder":"","_et_pb_old_content":"","_et_gb_content_width":""},"product_cat":[144],"product_tag":[],"_links":{"self":[{"href":"https:\/\/tiendalafortuna.com.ar\/es\/wp-json\/wp\/v2\/product\/2694"}],"collection":[{"href":"https:\/\/tiendalafortuna.com.ar\/es\/wp-json\/wp\/v2\/product"}],"about":[{"href":"https:\/\/tiendalafortuna.com.ar\/es\/wp-json\/wp\/v2\/types\/product"}],"replies":[{"embeddable":true,"href":"https:\/\/tiendalafortuna.com.ar\/es\/wp-json\/wp\/v2\/comments?post=2694"}],"wp:featuredmedia":[{"embeddable":true,"href":"https:\/\/tiendalafortuna.com.ar\/es\/wp-json\/wp\/v2\/media\/2682"}],"wp:attachment":[{"href":"https:\/\/tiendalafortuna.com.ar\/es\/wp-json\/wp\/v2\/media?parent=2694"}],"wp:term":[{"taxonomy":"product_cat","embeddable":true,"href":"https:\/\/tiendalafortuna.com.ar\/es\/wp-json\/wp\/v2\/product_cat?post=2694"},{"taxonomy":"product_tag","embeddable":true,"href":"https:\/\/tiendalafortuna.com.ar\/es\/wp-json\/wp\/v2\/product_tag?post=2694"}],"curies":[{"name":"wp","href":"https:\/\/api.w.org\/{rel}","templated":true}]}}